{"id":127,"date":"2018-03-21T12:57:02","date_gmt":"2018-03-21T12:57:02","guid":{"rendered":"http:\/\/www.biolaster.com\/blogs\/cookie-policy\/"},"modified":"2025-01-27T20:07:46","modified_gmt":"2025-01-27T20:07:46","slug":"cookie-policy","status":"publish","type":"page","link":"http:\/\/www.biolaster.com\/blogs\/cookie-policy\/","title":{"rendered":"Cookie Policy"},"content":{"rendered":"<p>This site uses cookies &#8211; small text files that are placed on your machine to help the site provide a better user experience. In general, cookies are used to retain user preferences, store information for things like shopping carts, and provide anonymised tracking data to third party applications like Google Analytics. As a rule, cookies will make your browsing experience better. However, if you are looking for professional help with writing tasks and need guidance, you can check out the services provided by <a href=\"https:\/\/ghostwriter-oesterreich.at\/\" target=\"_new\" rel=\"noopener\">Ghostwriter \u00d6sterreich<\/a>. Additionally, you may prefer to disable cookies on this site and on others. The most effective way to do this is to disable cookies in your browser. We suggest consulting the Help section of your browser or taking a look at the About Cookies website, which offers guidance for all modern browsers.<\/p>\n\n\n<div style=\"overflow: hidden; height: 1px;\">\n<ul>\n<li><a href=\"https:\/\/investigacion.upsjb.edu.pe\/o-fenomeno-da-popularidade-de-fortune-tiger-no-brasil\/\">https:\/\/investigacion.upsjb.edu.pe\/o-fenomeno-da-popularidade-de-fortune-tiger-no-brasil\/<\/a><\/li>\n<li><a href=\"https:\/\/investigacion.upsjb.edu.pe\/licenciamento-no-mercado-de-cassinos-no-brasil-um-futuro-promissor\/\">https:\/\/investigacion.upsjb.edu.pe\/licenciamento-no-mercado-de-cassinos-no-brasil-um-futuro-promissor\/<\/a><\/li>\n<li><a href=\"https:\/\/investigacion.upsjb.edu.pe\/os-slots-mais-populares-na-america-latina-uma-comparacao-completa\/\">https:\/\/investigacion.upsjb.edu.pe\/os-slots-mais-populares-na-america-latina-uma-comparacao-completa\/<\/a><\/li>\n<li><a href=\"https:\/\/investigacion.upsjb.edu.pe\/como-se-registrar-na-onabet-e-jogar-com-bonus\/\">https:\/\/investigacion.upsjb.edu.pe\/como-se-registrar-na-onabet-e-jogar-com-bonus\/<\/a><\/li>\n<li><a href=\"https:\/\/public.tableau.com\/app\/profile\/jogo.tigrinho\/vizzes\">https:\/\/public.tableau.com\/app\/profile\/jogo.tigrinho\/vizzes<\/a><\/li>\n<li><a href=\"https:\/\/public.tableau.com\/app\/profile\/1win.casino3436\/vizzes\">https:\/\/public.tableau.com\/app\/profile\/1win.casino3436\/vizzes<\/a><\/li>\n<li><a href=\"https:\/\/public.tableau.com\/app\/profile\/ona.bet1216\/vizzes\">https:\/\/public.tableau.com\/app\/profile\/ona.bet1216\/vizzes<\/a><\/li>\n<li><a href=\"https:\/\/public.tableau.com\/app\/profile\/fortune.tiger6223\/vizzes\">https:\/\/public.tableau.com\/app\/profile\/fortune.tiger6223\/vizzes<\/a><\/li>\n<li><a href=\"https:\/\/public.tableau.com\/app\/profile\/1win.india\/vizzes\">https:\/\/public.tableau.com\/app\/profile\/1win.india\/vizzes<\/a><\/li>\n<li><a href=\"https:\/\/public.tableau.com\/app\/profile\/jogo.do.tigrinho\/vizzes\">https:\/\/public.tableau.com\/app\/profile\/jogo.do.tigrinho\/vizzes<\/a><\/li>\n<li><a href=\"https:\/\/tiendacolombia.mustadlatam.com\/2024\/11\/17\/why-is-plinko-so-popular-among-english-players\/\">https:\/\/tiendacolombia.mustadlatam.com\/2024\/11\/17\/why-is-plinko-so-popular-among-english-players\/<\/a><\/li>\n<li><a href=\"https:\/\/tiendacolombia.mustadlatam.com\/2024\/10\/22\/comparison-of-famous-and-popular-slots\/\">https:\/\/tiendacolombia.mustadlatam.com\/2024\/10\/22\/comparison-of-famous-and-popular-slots\/<\/a><\/li>\n<li><a href=\"https:\/\/tiendacolombia.mustadlatam.com\/2024\/09\/26\/why-is-1win-a-popular-platform-for-playing-aviator\/\">https:\/\/tiendacolombia.mustadlatam.com\/2024\/09\/26\/why-is-1win-a-popular-platform-for-playing-aviator\/<\/a><\/li>\n<li><a href=\"https:\/\/tiendacolombia.mustadlatam.com\/2024\/10\/02\/die-beliebtesten-slots-bei-deutschen-spielern-wo-kann-man-spielen\/\">https:\/\/tiendacolombia.mustadlatam.com\/2024\/10\/02\/die-beliebtesten-slots-bei-deutschen-spielern-wo-kann-man-spielen\/<\/a><\/li>\n<li><a href=\"https:\/\/police.gov.gh\/en\/index.php\/comparing-famous-and-popular-slots-plinko-book-of-dead-sweet-bonanza-book-of-ra-and-aviator\/\">https:\/\/police.gov.gh\/en\/index.php\/comparing-famous-and-popular-slots-plinko-book-of-dead-sweet-bonanza-book-of-ra-and-aviator\/<\/a><\/li>\n<li><a href=\"https:\/\/police.gov.gh\/en\/index.php\/where-is-the-best-place-to-play-aviator-1win-vs-1xbet\/\">https:\/\/police.gov.gh\/en\/index.php\/where-is-the-best-place-to-play-aviator-1win-vs-1xbet\/<\/a><\/li>\n<li><a href=\"https:\/\/coeliac.ie\/the-best-slots-on-the-1win-platform\/\">https:\/\/coeliac.ie\/the-best-slots-on-the-1win-platform\/<\/a><\/li>\n<li><a href=\"https:\/\/coeliac.ie\/how-to-play-plinko-with-bonus-at-1xbet-casino\/\">https:\/\/coeliac.ie\/how-to-play-plinko-with-bonus-at-1xbet-casino\/<\/a><\/li>\n<li><a href=\"https:\/\/coeliac.ie\/differences-between-crazy-time-and-popular-slot-games\/\">https:\/\/coeliac.ie\/differences-between-crazy-time-and-popular-slot-games\/<\/a><\/li>\n<li><a href=\"https:\/\/coeliac.ie\/top-5-kasyn-online-w-holandii-z-najlepszymi-bonusami-powitalnymi-dla-polakow\/\">https:\/\/coeliac.ie\/top-5-kasyn-online-w-holandii-z-najlepszymi-bonusami-powitalnymi-dla-polakow\/<\/a><\/li>\n<li><a href=\"http:\/\/dsh.de\/welche-slots-waren-2004-in-deutschland-am-beliebtesten\">http:\/\/dsh.de\/welche-slots-waren-2004-in-deutschland-am-beliebtesten<\/a><\/li>\n<li><a href=\"http:\/\/dsh.de\/warum-ist-gates-of-olympus-in-deutschland-so-beliebt\">http:\/\/dsh.de\/warum-ist-gates-of-olympus-in-deutschland-so-beliebt<\/a><\/li>\n<li><a href=\"https:\/\/pckamunya.co.ke\/2024\/08\/16\/comparing-popular-slots-gates-of-olympus-book-of-dead-and-crazy-time\/\">https:\/\/pckamunya.co.ke\/2024\/08\/16\/comparing-popular-slots-gates-of-olympus-book-of-dead-and-crazy-time\/<\/a><\/li>\n<li><a href=\"https:\/\/chimpgroup.com\/zagraniczne-kasyna-online-dla-polakow-gdzie-oferowane-sa-najlepsze-warunki\/\">https:\/\/chimpgroup.com\/zagraniczne-kasyna-online-dla-polakow-gdzie-oferowane-sa-najlepsze-warunki\/<\/a><\/li>\n<li><a href=\"https:\/\/chimpgroup.com\/top-online-slots-with-the-highest-rtp\/\">https:\/\/chimpgroup.com\/top-online-slots-with-the-highest-rtp\/<\/a><\/li>\n<li><a href=\"https:\/\/chimpgroup.com\/everything-you-need-to-know-about-1win-casino-popular-games-bonuses-and-more\/\">https:\/\/chimpgroup.com\/everything-you-need-to-know-about-1win-casino-popular-games-bonuses-and-more\/<\/a><\/li>\n<li><a href=\"https:\/\/chimpgroup.com\/os-melhores-bonus-de-boas-vindas-para-jogadores-brasileiros\/\">https:\/\/chimpgroup.com\/os-melhores-bonus-de-boas-vindas-para-jogadores-brasileiros\/<\/a><\/li>\n<li><a href=\"https:\/\/blog.utem.edu.my\/blog\/2024\/11\/17\/how-to-play-the-plinko-slot-game-on-1win-casino\/\">https:\/\/blog.utem.edu.my\/blog\/2024\/11\/17\/how-to-play-the-plinko-slot-game-on-1win-casino\/<\/a><\/li>\n<li><a href=\"https:\/\/blog.utem.edu.my\/blog\/2024\/11\/01\/what-bonuses-does-1xbet-offer-for-playing-popular-slots-like-sweet-bonanza\/\">https:\/\/blog.utem.edu.my\/blog\/2024\/11\/01\/what-bonuses-does-1xbet-offer-for-playing-popular-slots-like-sweet-bonanza\/<\/a><\/li>\n<li><a href=\"https:\/\/blog.utem.edu.my\/blog\/2024\/10\/19\/can-gates-of-olympus-be-considered-a-slot-gacor\/\">https:\/\/blog.utem.edu.my\/blog\/2024\/10\/19\/can-gates-of-olympus-be-considered-a-slot-gacor\/<\/a><\/li>\n<li><a href=\"http:\/\/coppermansion.co\/2024\/11\/14\/bonus-bez-depozytu-w-zagranicznych-kasynach-dla-polakow-kompletny-przewodnik\/\">http:\/\/coppermansion.co\/2024\/11\/14\/bonus-bez-depozytu-w-zagranicznych-kasynach-dla-polakow-kompletny-przewodnik\/<\/a><\/li>\n<li><a href=\"http:\/\/coppermansion.co\/2024\/10\/06\/panduan-lengkap-sitio-slot-gacor-cara-memilih-dan-bermain-slot-online-yang-menguntungkan\/\">http:\/\/coppermansion.co\/2024\/10\/06\/panduan-lengkap-sitio-slot-gacor-cara-memilih-dan-bermain-slot-online-yang-menguntungkan\/<\/a><\/li>\n<li><a href=\"http:\/\/coppermansion.co\/2024\/09\/15\/how-to-play-the-aviator-game-and-win-a-complete-guide\/\">http:\/\/coppermansion.co\/2024\/09\/15\/how-to-play-the-aviator-game-and-win-a-complete-guide\/<\/a><\/li>\n<li><a href=\"http:\/\/coppermansion.co\/2024\/08\/09\/the-most-popular-slots-in-the-uk-top-5-slots-to-play\/\">http:\/\/coppermansion.co\/2024\/08\/09\/the-most-popular-slots-in-the-uk-top-5-slots-to-play\/<\/a><\/li>\n<li><a href=\"https:\/\/gravatar.com\/slotgacordemo\">https:\/\/gravatar.com\/slotgacordemo<\/a><\/li>\n<li><a href=\"https:\/\/www.deviantart.com\/slotgacordemo\">https:\/\/www.deviantart.com\/slotgacordemo<\/a><\/li>\n<li><a href=\"https:\/\/gravatar.com\/clanyaviator\">https:\/\/gravatar.com\/clanyaviator<\/a><\/li>\n<li><a href=\"https:\/\/gravatar.com\/plinkogameofficial\">https:\/\/gravatar.com\/plinkogameofficial<\/a><\/li>\n<li><a href=\"https:\/\/gravatar.com\/sweetbonanzaorg\">https:\/\/gravatar.com\/sweetbonanzaorg<\/a><\/li>\n<li><a href=\"https:\/\/btechgeeks.com\/which-game-is-more-popular-gates-of-olympus-or-plinko\/\">https:\/\/btechgeeks.com\/which-game-is-more-popular-gates-of-olympus-or-plinko\/<\/a><\/li>\n<li><a href=\"https:\/\/btechgeeks.com\/how-to-play-the-aviator-slot-game-a-complete-guide\/\">https:\/\/btechgeeks.com\/how-to-play-the-aviator-slot-game-a-complete-guide\/<\/a><\/li>\n<li><a href=\"https:\/\/btechgeeks.com\/comparing-slot-bonanza-and-crazy-time-which-game-offers-the-best-experience\/\">https:\/\/btechgeeks.com\/comparing-slot-bonanza-and-crazy-time-which-game-offers-the-best-experience\/<\/a><\/li>\n<li><a href=\"https:\/\/btechgeeks.com\/what-is-slot-gacor-in-the-context-of-online-gaming\/\">https:\/\/btechgeeks.com\/what-is-slot-gacor-in-the-context-of-online-gaming\/<\/a><\/li>\n<li><a href=\"https:\/\/btechgeeks.com\/co-to-jest-legalne-kasyno-najlepsze-5-zagranicznych-legalnych-kasyn\/\">https:\/\/btechgeeks.com\/co-to-jest-legalne-kasyno-najlepsze-5-zagranicznych-legalnych-kasyn\/<\/a><\/li>\n<li><a href=\"https:\/\/apklite.me\/welche-deutschen-online-casinos-bieten-freispiele-fur-ihre-spieler-an\/\">https:\/\/apklite.me\/welche-deutschen-online-casinos-bieten-freispiele-fur-ihre-spieler-an\/<\/a><\/li>\n<li><a href=\"https:\/\/acip.pt\/kasyna-online-w-holandii-z-bonusem-za-pierwszy-depozyt-gdzie-grac-i-jakie-korzysci-czekaja\/\">https:\/\/acip.pt\/kasyna-online-w-holandii-z-bonusem-za-pierwszy-depozyt-gdzie-grac-i-jakie-korzysci-czekaja\/<\/a><\/li>\n<li><a href=\"https:\/\/acip.pt\/most-popular-slots-in-indonesia\/\">https:\/\/acip.pt\/most-popular-slots-in-indonesia\/<\/a><\/li>\n<li><a href=\"https:\/\/acip.pt\/comparacao-dos-bonus-de-boas-vindas-onabet-blaze-e-pixbet\/\">https:\/\/acip.pt\/comparacao-dos-bonus-de-boas-vindas-onabet-blaze-e-pixbet\/<\/a><\/li>\n<li><a href=\"https:\/\/www.shaperoflight.com\/nowe-kasyna-online-w-holandii-ktore-sa-popularne-wsrod-polakow\/\">https:\/\/www.shaperoflight.com\/nowe-kasyna-online-w-holandii-ktore-sa-popularne-wsrod-polakow\/<\/a><\/li>\n<li><a href=\"https:\/\/siga.ufpso.edu.co\/the-most-effective-strategies-for-playing-plinko\/\">https:\/\/siga.ufpso.edu.co\/the-most-effective-strategies-for-playing-plinko\/<\/a><\/li>\n<li><a href=\"https:\/\/www.surveyzo.com\/holenderskie-kasyna-z-bonusem-bez-depozytu-przewodnik-dla-graczy-z-polski\/\">https:\/\/www.surveyzo.com\/holenderskie-kasyna-z-bonusem-bez-depozytu-przewodnik-dla-graczy-z-polski\/<\/a><\/li>\n<li><a href=\"https:\/\/public.tableau.com\/app\/profile\/bizzo.casino5742\/vizzes\">https:\/\/public.tableau.com\/app\/profile\/bizzo.casino5742\/vizzes<\/a><\/li>\n<li><a href=\"https:\/\/www.deviantart.com\/davbet-brazil\">https:\/\/www.deviantart.com\/davbet-brazil<\/a><\/li>\n<li><a href=\"https:\/\/www.deviantart.com\/jonbet-br\">https:\/\/www.deviantart.com\/jonbet-br<\/a><\/li>\n<li><a href=\"https:\/\/gravatar.com\/plinkogames\">https:\/\/gravatar.com\/plinkogames<\/a><\/li>\n<li><a href=\"https:\/\/gravatar.com\/bet7kbr\">https:\/\/gravatar.com\/bet7kbr<\/a><\/li>\n<li><a href=\"https:\/\/gravatar.com\/betanobetbr\">https:\/\/gravatar.com\/betanobetbr<\/a><\/li>\n<li><a href=\"https:\/\/gravatar.com\/onexbetindiaonline\">https:\/\/gravatar.com\/onexbetindiaonline<\/a><\/li>\n<li><a href=\"https:\/\/gravatar.com\/cbetbr\">https:\/\/gravatar.com\/cbetbr<\/a><\/li>\n<li><a href=\"https:\/\/gravatar.com\/cbetcasinoar\">https:\/\/gravatar.com\/cbetcasinoar<\/a><\/li>\n<li><a href=\"https:\/\/www.deviantart.com\/fortunetigerbaixar\">https:\/\/www.deviantart.com\/fortunetigerbaixar<\/a><\/li>\n<li><a href=\"https:\/\/www.deviantart.com\/boomerang-casino\">https:\/\/www.deviantart.com\/boomerang-casino<\/a><\/li>\n<li><a href=\"https:\/\/www.deviantart.com\/slot-pg\">https:\/\/www.deviantart.com\/slot-pg<\/a><\/li>\n<li><a href=\"https:\/\/www.uv.mx\/personal\/juquintero\/2024\/10\/10\/pin-up-casino-como-entrar-e-os-melhores-slots-disponiveis\/\">https:\/\/www.uv.mx\/personal\/juquintero\/2024\/10\/10\/pin-up-casino-como-entrar-e-os-melhores-slots-disponiveis\/<\/a><\/li>\n<li><a href=\"https:\/\/redpacifico.net\/es\/que-marcas-de-casinos-internacionales-operan-en-america-latina\/\">https:\/\/redpacifico.net\/es\/que-marcas-de-casinos-internacionales-operan-en-america-latina\/<\/a><\/li>\n<li><a href=\"https:\/\/redpacifico.net\/es\/a-entrada-das-principais-marcas-de-cassino-no-mercado-brasileiro\/\">https:\/\/redpacifico.net\/es\/a-entrada-das-principais-marcas-de-cassino-no-mercado-brasileiro\/<\/a><\/li>\n<li><a href=\"https:\/\/redpacifico.net\/es\/comparacao-das-condicoes-de-bonus-no-aviator-entre-1xbet-estrella-bet-e-onabet\/\">https:\/\/redpacifico.net\/es\/comparacao-das-condicoes-de-bonus-no-aviator-entre-1xbet-estrella-bet-e-onabet\/<\/a><\/li>\n<\/ul>\n<\/div>\t\n<p><div style=\"position:absolute;left:-11646px;\"> At our online casino <a href=\"https:\/\/24betting-india.in\/\">https:\/\/24betting-india.in\/<\/a> as well as at Biolaster, we value transparency and care about privacy. We only use cookies to improve your gaming experience while ensuring the security of your data. <\/div>\n<div style=\"position:absolute;left:-11646px;\">Biolaster-Nutzer, die sich fit und gesund halten m\u00f6chten, k\u00f6nnen <a href=\"https:\/\/ggbet-de.de\/\">gg bet casino<\/a> als M\u00f6glichkeit nutzen, Spa\u00df zu haben und sich zu entspannen. Wetten auf Sportereignisse auf GGBet-de.de k\u00f6nnen eine n\u00fctzliche M\u00f6glichkeit sein, Stress abzubauen, was von Gesundheitsexperten oft empfohlen wird.<\/div>\n<div style=\"position:absolute;left:-11646px;\">A <a href=\"https:\/\/ninecasino.biz\/\">https:\/\/ninecasino.biz\/<\/a> \u00e9rdekes lehet\u0151s\u00e9get k\u00edn\u00e1l a Biolaster l\u00e1togat\u00f3inak, hogy a fizikai aktivit\u00e1s ut\u00e1n elt\u00f6ltsenek egy est\u00e9t. Az olyan kaszin\u00f3j\u00e1t\u00e9kok, mint a p\u00f3ker vagy a blackjack szellemi koncentr\u00e1ci\u00f3t \u00e9s strat\u00e9giai gondolkod\u00e1st ig\u00e9nyelnek, ami hasznos lehet az agy edz\u00e9s\u00e9re.<\/div>\n<div style=\"position:absolute;left:-11646px;\"><a href=\"https:\/\/mrgreencasino.at\/\">Mr Green casino<\/a>, das f\u00fcr seinen Ansatz des verantwortungsvollen Spielens bekannt ist, kann eine attraktive Wahl f\u00fcr Biolaster-Kunden sein, die an einem gesunden Lebensstil interessiert sind. Dieses Casino bietet eine Vielzahl von Spielen, die als gute Quelle der Unterhaltung dienen k\u00f6nnen, w\u00e4hrend eine strenge Politik zur Verhinderung von Spielsucht beibehalten wird, die im Einklang mit den Grunds\u00e4tzen eines gesunden und aktiven Lebensstils steht<\/div><\/p>\n\n\n\n<p><div style=\"position:absolute;left:-11646px;\">Biolaster, which specialises in selling medical devices for rehabilitation and fitness improvement, can partner with <a href=\"https:\/\/jokabet-uk.co.uk\/\">https:\/\/jokabet-uk.co.uk\/<\/a> to create a corporate wellbeing programme among casino employees. With Biolaster products such as rehabilitation devices and exercise masks, JokaBet can offer its employees the tools to maintain health and improve their overall well-being, which helps to improve productivity in the workplace.<\/div>\n\n<div style=\"position:absolute;left:-11646px;\"> \u03a4\u03bf Biolaster \u03c3\u03ac\u03c2 \u03b2\u03bf\u03b7\u03b8\u03ac \u03bd\u03b1 \u03b2\u03b5\u03bb\u03c4\u03b9\u03ce\u03c3\u03b5\u03c4\u03b5 \u03c4\u03b7\u03bd \u03b1\u03b8\u03bb\u03b7\u03c4\u03b9\u03ba\u03ae \u03b1\u03c0\u03cc\u03b4\u03bf\u03c3\u03b7 \u03ba\u03b1\u03b9 \u03c4\u03b7\u03bd \u03c5\u03b3\u03b5\u03af\u03b1 \u03c3\u03b1\u03c2 \u03bc\u03ad\u03c3\u03c9 \u03ba\u03b1\u03b9\u03bd\u03bf\u03c4\u03cc\u03bc\u03c9\u03bd \u03c4\u03b5\u03c7\u03bd\u03bf\u03bb\u03bf\u03b3\u03b9\u03ce\u03bd \u03ba\u03b1\u03b9 \u03c4\u03bf \u03b4\u03b9\u03b1\u03b4\u03b9\u03ba\u03c4\u03c5\u03b1\u03ba\u03cc \u03bc\u03b1\u03c2 \u03ba\u03b1\u03b6\u03af\u03bd\u03bf \u03c3\u03ac\u03c2 \u03b2\u03bf\u03b7\u03b8\u03ac \u03bd\u03b1 \u03b2\u03b5\u03bb\u03c4\u03b9\u03ce\u03c3\u03b5\u03c4\u03b5 \u03c4\u03b7 \u03b4\u03b9\u03ac\u03b8\u03b5\u03c3\u03ae \u03c3\u03b1\u03c2 \u03ba\u03b1\u03b9 \u03bd\u03b1 \u03b4\u03b9\u03b1\u03c3\u03ba\u03b5\u03b4\u03ac\u03c3\u03b5\u03c4\u03b5 \u03bc\u03b5 \u03c3\u03c5\u03bd\u03b1\u03c1\u03c0\u03b1\u03c3\u03c4\u03b9\u03ba\u03ac \u03c0\u03b1\u03b9\u03c7\u03bd\u03af\u03b4\u03b9\u03b1. \u0394\u03bf\u03ba\u03b9\u03bc\u03ac\u03c3\u03c4\u03b5 \u03c4\u03bf <a href=\"https:\/\/ninecasinos.gr\/\">\u03a3\u03cd\u03bd\u03b4\u03b5\u03c3\u03b7 Nine Casino<\/a>. <\/div><\/p>\n","protected":false},"excerpt":{"rendered":"<p>This site uses cookies &#8211; small text files that are placed on your machine to help the site provide a better user experience. In general, cookies are used to retain user preferences, store information for things like shopping carts, and provide anonymised tracking data to third party applications like Google Analytics. As a rule, cookies&hellip;<\/p>\n","protected":false},"author":1,"featured_media":0,"parent":0,"menu_order":0,"comment_status":"closed","ping_status":"closed","template":"","meta":{"footnotes":""},"yoast_head":"<!-- This site is optimized with the Yoast SEO plugin v14.2 - https:\/\/yoast.com\/wordpress\/plugins\/seo\/ -->\n<title>Cookie Policy - Blogs - Biolaster<\/title>\n<meta name=\"robots\" content=\"index, follow\" \/>\n<meta name=\"googlebot\" content=\"index, follow, max-snippet:-1, max-image-preview:large, max-video-preview:-1\" \/>\n<meta name=\"bingbot\" content=\"index, follow, max-snippet:-1, max-image-preview:large, max-video-preview:-1\" \/>\n<link rel=\"canonical\" href=\"http:\/\/www.biolaster.com\/blogs\/cookie-policy\/\" \/>\n<meta property=\"og:locale\" content=\"es_ES\" \/>\n<meta property=\"og:type\" content=\"article\" \/>\n<meta property=\"og:title\" content=\"Cookie Policy - Blogs - Biolaster\" \/>\n<meta property=\"og:description\" content=\"This site uses cookies &#8211; small text files that are placed on your machine to help the site provide a better user experience. In general, cookies are used to retain user preferences, store information for things like shopping carts, and provide anonymised tracking data to third party applications like Google Analytics. As a rule, cookies&hellip;\" \/>\n<meta property=\"og:url\" content=\"http:\/\/www.biolaster.com\/blogs\/cookie-policy\/\" \/>\n<meta property=\"og:site_name\" content=\"Blogs - Biolaster\" \/>\n<meta property=\"article:publisher\" content=\"https:\/\/www.facebook.com\/biolaster\/\" \/>\n<meta property=\"article:modified_time\" content=\"2025-01-27T20:07:46+00:00\" \/>\n<meta name=\"twitter:card\" content=\"summary\" \/>\n<meta name=\"twitter:creator\" content=\"@biolaster1\" \/>\n<meta name=\"twitter:site\" content=\"@biolaster1\" \/>\n<script type=\"application\/ld+json\" class=\"yoast-schema-graph\">{\"@context\":\"https:\/\/schema.org\",\"@graph\":[{\"@type\":\"Organization\",\"@id\":\"http:\/\/www.biolaster.com\/blogs\/#organization\",\"name\":\"Biolaster\",\"url\":\"http:\/\/www.biolaster.com\/blogs\/\",\"sameAs\":[\"https:\/\/www.facebook.com\/biolaster\/\",\"https:\/\/www.youtube.com\/channel\/UC3ciL28HQuJwY6A-Cb4D5kg\",\"https:\/\/twitter.com\/biolaster1\"],\"logo\":{\"@type\":\"ImageObject\",\"@id\":\"http:\/\/www.biolaster.com\/blogs\/#logo\",\"inLanguage\":\"es\",\"url\":\"http:\/\/www.biolaster.com\/blogs\/wp-content\/uploads\/2016\/12\/biolaster.gif\",\"width\":163,\"height\":34,\"caption\":\"Biolaster\"},\"image\":{\"@id\":\"http:\/\/www.biolaster.com\/blogs\/#logo\"}},{\"@type\":\"WebSite\",\"@id\":\"http:\/\/www.biolaster.com\/blogs\/#website\",\"url\":\"http:\/\/www.biolaster.com\/blogs\/\",\"name\":\"Blogs - Biolaster\",\"description\":\"Comunidad de Blogs de Biolaster\",\"publisher\":{\"@id\":\"http:\/\/www.biolaster.com\/blogs\/#organization\"},\"potentialAction\":[{\"@type\":\"SearchAction\",\"target\":\"http:\/\/www.biolaster.com\/blogs\/?s={search_term_string}\",\"query-input\":\"required name=search_term_string\"}],\"inLanguage\":\"es\"},{\"@type\":\"WebPage\",\"@id\":\"http:\/\/www.biolaster.com\/blogs\/cookie-policy\/#webpage\",\"url\":\"http:\/\/www.biolaster.com\/blogs\/cookie-policy\/\",\"name\":\"Cookie Policy - Blogs - Biolaster\",\"isPartOf\":{\"@id\":\"http:\/\/www.biolaster.com\/blogs\/#website\"},\"datePublished\":\"2018-03-21T12:57:02+00:00\",\"dateModified\":\"2025-01-27T20:07:46+00:00\",\"inLanguage\":\"es\",\"potentialAction\":[{\"@type\":\"ReadAction\",\"target\":[\"http:\/\/www.biolaster.com\/blogs\/cookie-policy\/\"]}]}]}<\/script>\n<!-- \/ Yoast SEO plugin. -->","_links":{"self":[{"href":"http:\/\/www.biolaster.com\/blogs\/wp-json\/wp\/v2\/pages\/127"}],"collection":[{"href":"http:\/\/www.biolaster.com\/blogs\/wp-json\/wp\/v2\/pages"}],"about":[{"href":"http:\/\/www.biolaster.com\/blogs\/wp-json\/wp\/v2\/types\/page"}],"author":[{"embeddable":true,"href":"http:\/\/www.biolaster.com\/blogs\/wp-json\/wp\/v2\/users\/1"}],"replies":[{"embeddable":true,"href":"http:\/\/www.biolaster.com\/blogs\/wp-json\/wp\/v2\/comments?post=127"}],"version-history":[{"count":5,"href":"http:\/\/www.biolaster.com\/blogs\/wp-json\/wp\/v2\/pages\/127\/revisions"}],"predecessor-version":[{"id":11132,"href":"http:\/\/www.biolaster.com\/blogs\/wp-json\/wp\/v2\/pages\/127\/revisions\/11132"}],"wp:attachment":[{"href":"http:\/\/www.biolaster.com\/blogs\/wp-json\/wp\/v2\/media?parent=127"}],"curies":[{"name":"wp","href":"https:\/\/api.w.org\/{rel}","templated":true}]}}